{"id":54185,"date":"2024-03-18T16:28:50","date_gmt":"2024-03-18T15:28:50","guid":{"rendered":"https:\/\/adhotelskaoprema.com\/?post_type=product&#038;p=54185"},"modified":"2024-04-09T14:10:48","modified_gmt":"2024-04-09T12:10:48","slug":"zidna-lampa-bow-ap-d46-antikni-mesing","status":"publish","type":"product","link":"https:\/\/adhotelskaoprema.com\/en\/proizvod\/zidna-lampa-bow-ap-d46-antikni-mesing\/","title":{"rendered":"Zidna lampa Bow ap d46- Antikni mesing"},"content":{"rendered":"<p>Metalni okvir dostupan sa zavr\u0161nom obradom od antiknog mesinga, kroma ili satenskog mesinga.<\/p>\n<p>Le\u017ee\u0107i LED difuzor.\u00a0Prekida\u010d na bazi.<\/p>\n<p>Dimenzija: Duljina 460 x Visina 180 x Promjer 230 mm.<\/p>\n<p>Rok isporuke 15 dana.<\/p>\n","protected":false},"excerpt":{"rendered":"<p>Metalni okvir dostupan sa zavr\u0161nom obradom od antiknog mesinga, kroma ili satenskog mesinga. Le\u017ee\u0107i LED difuzor.\u00a0Prekida\u010d na bazi. Dimenzija: Duljina 460 x Visina 180 x Promjer 230 mm. Rok isporuke 15 dana.<\/p>\n","protected":false},"featured_media":54190,"template":"","meta":{"_acf_changed":false},"product_brand":[],"product_cat":[276],"product_tag":[],"class_list":{"0":"post-54185","1":"product","2":"type-product","3":"status-publish","4":"has-post-thumbnail","6":"product_cat-unutarnja-rasvjeta-zidna","8":"first","9":"instock","10":"sale","11":"taxable","12":"shipping-taxable","13":"purchasable","14":"product-type-simple"},"acf":[],"_links":{"self":[{"href":"https:\/\/adhotelskaoprema.com\/en\/wp-json\/wp\/v2\/product\/54185","targetHints":{"allow":["GET"]}}],"collection":[{"href":"https:\/\/adhotelskaoprema.com\/en\/wp-json\/wp\/v2\/product"}],"about":[{"href":"https:\/\/adhotelskaoprema.com\/en\/wp-json\/wp\/v2\/types\/product"}],"wp:featuredmedia":[{"embeddable":true,"href":"https:\/\/adhotelskaoprema.com\/en\/wp-json\/wp\/v2\/media\/54190"}],"wp:attachment":[{"href":"https:\/\/adhotelskaoprema.com\/en\/wp-json\/wp\/v2\/media?parent=54185"}],"wp:term":[{"taxonomy":"product_brand","embeddable":true,"href":"https:\/\/adhotelskaoprema.com\/en\/wp-json\/wp\/v2\/product_brand?post=54185"},{"taxonomy":"product_cat","embeddable":true,"href":"https:\/\/adhotelskaoprema.com\/en\/wp-json\/wp\/v2\/product_cat?post=54185"},{"taxonomy":"product_tag","embeddable":true,"href":"https:\/\/adhotelskaoprema.com\/en\/wp-json\/wp\/v2\/product_tag?post=54185"}],"curies":[{"name":"wp","href":"https:\/\/api.w.org\/{rel}","templated":true}]}}