{"id":53592,"date":"2024-03-15T12:51:52","date_gmt":"2024-03-15T11:51:52","guid":{"rendered":"https:\/\/adhotelskaoprema.com\/?post_type=product&#038;p=53592"},"modified":"2024-03-25T14:32:22","modified_gmt":"2024-03-25T13:32:22","slug":"suncobran-02-2-x-2-m-antracit-bijele-boje","status":"publish","type":"product","link":"https:\/\/adhotelskaoprema.com\/en\/proizvod\/suncobran-02-2-x-2-m-antracit-bijele-boje\/","title":{"rendered":"Suncobran 02, 2 x 2 M &#8211; Antracit \/ bijele boje"},"content":{"rendered":"<p>Lakirani aluminijski okvir s 4 rebra (20 x1 4 mm) s jednostavnom ru\u010dkom koja se otvara sa ventilacijom. Aluminijsko postolje \u0161irine cijevi \u00f848 mm. Tkanina je izra\u0111ena\u00a0 od polipropilenske tkanine koja je masovno obojena tijekom po\u010detnog procesa. To osigurava visoku otpornost na sun\u010devu svjetlost jer se boja u niti tkanine postavlja intenzivnije od ostalih postupaka. UV standard 801 ocjena UPF 80, koji jam\u010di za\u0161titu ko\u017ee od negativnih u\u010dinaka UV zraka na ko\u017eu. Tkanina otporna na vodu, mrlje i 100% recikliraju\u0107a.\u00a0Vrlo lako se \u010disti i dezinficira, tkanina je te\u017eine 190 gr. Koristiti na stabilnim i ravnim povr\u0161inama. Proizvod za javnu i doma\u0107u uporabu.\u00a0 Baza suncobrana nije uklju\u010dena u cijenu. Preporu\u010dena baza za ovaj suncobran je Baza 1, baze mo\u017eete odabrati na web shopu u kategoriji baze za suncobrane.<\/p>\n<p>Za boje tkanine po \u017eelji molimo napraviti narud\u017ebu na e mail &#8211;\u00a0 info@adhotelskaoprema.com<\/p>\n<p>Dimenzije: visina 254 x \u0161irina 200 x dubina 200 cm.<\/p>\n<p>Rok isporuke 5 tjedana.<\/p>\n","protected":false},"excerpt":{"rendered":"<p>Lakirani aluminijski okvir s 4 rebra (20 x1 4 mm) s jednostavnom ru\u010dkom koja se otvara sa ventilacijom. Aluminijsko postolje \u0161irine cijevi \u00f848 mm. Tkanina je izra\u0111ena\u00a0 od polipropilenske tkanine koja je masovno obojena tijekom po\u010detnog procesa. To osigurava visoku otpornost na sun\u010devu svjetlost jer se boja u niti tkanine postavlja intenzivnije od ostalih postupaka. [&hellip;]<\/p>\n","protected":false},"featured_media":53611,"template":"","meta":{"_acf_changed":false},"product_brand":[],"product_cat":[211],"product_tag":[],"class_list":{"0":"post-53592","1":"product","2":"type-product","3":"status-publish","4":"has-post-thumbnail","6":"product_cat-suncobrani","8":"first","9":"instock","10":"sale","11":"taxable","12":"shipping-taxable","13":"purchasable","14":"product-type-simple"},"acf":[],"_links":{"self":[{"href":"https:\/\/adhotelskaoprema.com\/en\/wp-json\/wp\/v2\/product\/53592","targetHints":{"allow":["GET"]}}],"collection":[{"href":"https:\/\/adhotelskaoprema.com\/en\/wp-json\/wp\/v2\/product"}],"about":[{"href":"https:\/\/adhotelskaoprema.com\/en\/wp-json\/wp\/v2\/types\/product"}],"wp:featuredmedia":[{"embeddable":true,"href":"https:\/\/adhotelskaoprema.com\/en\/wp-json\/wp\/v2\/media\/53611"}],"wp:attachment":[{"href":"https:\/\/adhotelskaoprema.com\/en\/wp-json\/wp\/v2\/media?parent=53592"}],"wp:term":[{"taxonomy":"product_brand","embeddable":true,"href":"https:\/\/adhotelskaoprema.com\/en\/wp-json\/wp\/v2\/product_brand?post=53592"},{"taxonomy":"product_cat","embeddable":true,"href":"https:\/\/adhotelskaoprema.com\/en\/wp-json\/wp\/v2\/product_cat?post=53592"},{"taxonomy":"product_tag","embeddable":true,"href":"https:\/\/adhotelskaoprema.com\/en\/wp-json\/wp\/v2\/product_tag?post=53592"}],"curies":[{"name":"wp","href":"https:\/\/api.w.org\/{rel}","templated":true}]}}