{"id":53580,"date":"2024-03-15T12:07:56","date_gmt":"2024-03-15T11:07:56","guid":{"rendered":"https:\/\/adhotelskaoprema.com\/?post_type=product&#038;p=53580"},"modified":"2024-03-25T14:32:23","modified_gmt":"2024-03-25T13:32:23","slug":"suncobran-01-2-x-2-m-taupe-boje","status":"publish","type":"product","link":"https:\/\/adhotelskaoprema.com\/en\/proizvod\/suncobran-01-2-x-2-m-taupe-boje\/","title":{"rendered":"Suncobran 01, 2 X 2 M &#8211; Taupe boje"},"content":{"rendered":"<p>Lakirani aluminijski okvir s 4 rebra (20 x1 4 mm) s jednostavnom ru\u010dkom koja se otvara sa ventilacijom. Aluminijsko postolje \u0161irine cijevi \u00f848 mm. Poput drve\u0107a, tkanina ovog suncobrana smanjuje one\u010di\u0161\u0107enje zraka, neutraliziraju\u0107i motorne plinove i druge \u0161tetne tvari. Sadr\u017ei disruptivnu fotokataliti\u010dku nanotehnologiju. U\u010dinkovitost ove tehnologije na\u0161iroko su dokazala najuglednija ameri\u010dka i europska sveu\u010dili\u0161ta, kao i nekoliko laboratorija i institucija specijaliziranih za fotokatalizu. U kontaktu sa sun\u010devom svjetlo\u0161\u0107u i vlagom iz zraka, tkanina tretirana ovom tehnologijom uklanja \u0161tetne tvari i \u010disti zrak koji udi\u0161emo. Jedan suncobran na va\u0161oj terasi imat \u0107e isti u\u010dinak protiv one\u010di\u0161\u0107enja kao dva stabla. Vrlo lako se \u010disti i dezinficira, tkanina je te\u017eine 190 gr. Koristiti na stabilnim i ravnim povr\u0161inama. Proizvod za javnu i doma\u0107u uporabu.\u00a0 Baza suncobrana nije uklju\u010dena u cijenu. Preporu\u010dena baza za ovaj suncobran je Baza 1, baze mo\u017eete odabrati na web shopu u kategoriji baze za suncobrane.<\/p>\n<p>Za boje tkanine po \u017eelji molimo napraviti narud\u017ebu na e mail &#8211;\u00a0 info@adhotelskaoprema.com<\/p>\n<p>Dimenzije: visina 254 x \u0161irina 200 x dubina 200 cm.<\/p>\n<p>Rok isporuke 5 tjedana.<\/p>\n","protected":false},"excerpt":{"rendered":"<p>Lakirani aluminijski okvir s 4 rebra (20 x1 4 mm) s jednostavnom ru\u010dkom koja se otvara sa ventilacijom. Aluminijsko postolje \u0161irine cijevi \u00f848 mm. Poput drve\u0107a, tkanina ovog suncobrana smanjuje one\u010di\u0161\u0107enje zraka, neutraliziraju\u0107i motorne plinove i druge \u0161tetne tvari. Sadr\u017ei disruptivnu fotokataliti\u010dku nanotehnologiju. U\u010dinkovitost ove tehnologije na\u0161iroko su dokazala najuglednija ameri\u010dka i europska sveu\u010dili\u0161ta, kao [&hellip;]<\/p>\n","protected":false},"featured_media":53583,"template":"","meta":{"_acf_changed":false},"product_brand":[],"product_cat":[211],"product_tag":[],"class_list":{"0":"post-53580","1":"product","2":"type-product","3":"status-publish","4":"has-post-thumbnail","6":"product_cat-suncobrani","8":"first","9":"instock","10":"sale","11":"taxable","12":"shipping-taxable","13":"purchasable","14":"product-type-simple"},"acf":[],"_links":{"self":[{"href":"https:\/\/adhotelskaoprema.com\/en\/wp-json\/wp\/v2\/product\/53580","targetHints":{"allow":["GET"]}}],"collection":[{"href":"https:\/\/adhotelskaoprema.com\/en\/wp-json\/wp\/v2\/product"}],"about":[{"href":"https:\/\/adhotelskaoprema.com\/en\/wp-json\/wp\/v2\/types\/product"}],"wp:featuredmedia":[{"embeddable":true,"href":"https:\/\/adhotelskaoprema.com\/en\/wp-json\/wp\/v2\/media\/53583"}],"wp:attachment":[{"href":"https:\/\/adhotelskaoprema.com\/en\/wp-json\/wp\/v2\/media?parent=53580"}],"wp:term":[{"taxonomy":"product_brand","embeddable":true,"href":"https:\/\/adhotelskaoprema.com\/en\/wp-json\/wp\/v2\/product_brand?post=53580"},{"taxonomy":"product_cat","embeddable":true,"href":"https:\/\/adhotelskaoprema.com\/en\/wp-json\/wp\/v2\/product_cat?post=53580"},{"taxonomy":"product_tag","embeddable":true,"href":"https:\/\/adhotelskaoprema.com\/en\/wp-json\/wp\/v2\/product_tag?post=53580"}],"curies":[{"name":"wp","href":"https:\/\/api.w.org\/{rel}","templated":true}]}}