{"id":53248,"date":"2024-03-14T11:56:02","date_gmt":"2024-03-14T10:56:02","guid":{"rendered":"https:\/\/adhotelskaoprema.com\/?post_type=product&#038;p=53248"},"modified":"2024-03-25T12:57:37","modified_gmt":"2024-03-25T11:57:37","slug":"stropna-lampa-dot-pl-crna","status":"publish","type":"product","link":"https:\/\/adhotelskaoprema.com\/en\/proizvod\/stropna-lampa-dot-pl-crna\/","title":{"rendered":"Stropna lampa Dot pl- Crna"},"content":{"rendered":"<p>Baza, tijelo i prsten od aluminija presvu\u010deni prahom. Prozirni satenski akrilni difuzor.<\/p>\n<p>Rasvjetno tijelo za nadgradnu ugradnju. Dostupne zavr\u0161ne obrade: bijela ili crna.<\/p>\n<p>Dimenzije: Duljina 42 x Visina 52 x \u0160irina 42 mm.<\/p>\n<p>Rok isporuke 15 dana.<\/p>\n","protected":false},"excerpt":{"rendered":"<p>Baza, tijelo i prsten od aluminija presvu\u010deni prahom. Prozirni satenski akrilni difuzor. Rasvjetno tijelo za nadgradnu ugradnju. Dostupne zavr\u0161ne obrade: bijela ili crna. Dimenzije: Duljina 42 x Visina 52 x \u0160irina 42 mm. Rok isporuke 15 dana.<\/p>\n","protected":false},"featured_media":53251,"template":"","meta":{"_acf_changed":false},"product_brand":[],"product_cat":[163],"product_tag":[],"class_list":{"0":"post-53248","1":"product","2":"type-product","3":"status-publish","4":"has-post-thumbnail","6":"product_cat-unutarnja-rasvjeta-stropna","8":"first","9":"instock","10":"sale","11":"taxable","12":"shipping-taxable","13":"purchasable","14":"product-type-simple"},"acf":[],"_links":{"self":[{"href":"https:\/\/adhotelskaoprema.com\/en\/wp-json\/wp\/v2\/product\/53248","targetHints":{"allow":["GET"]}}],"collection":[{"href":"https:\/\/adhotelskaoprema.com\/en\/wp-json\/wp\/v2\/product"}],"about":[{"href":"https:\/\/adhotelskaoprema.com\/en\/wp-json\/wp\/v2\/types\/product"}],"wp:featuredmedia":[{"embeddable":true,"href":"https:\/\/adhotelskaoprema.com\/en\/wp-json\/wp\/v2\/media\/53251"}],"wp:attachment":[{"href":"https:\/\/adhotelskaoprema.com\/en\/wp-json\/wp\/v2\/media?parent=53248"}],"wp:term":[{"taxonomy":"product_brand","embeddable":true,"href":"https:\/\/adhotelskaoprema.com\/en\/wp-json\/wp\/v2\/product_brand?post=53248"},{"taxonomy":"product_cat","embeddable":true,"href":"https:\/\/adhotelskaoprema.com\/en\/wp-json\/wp\/v2\/product_cat?post=53248"},{"taxonomy":"product_tag","embeddable":true,"href":"https:\/\/adhotelskaoprema.com\/en\/wp-json\/wp\/v2\/product_tag?post=53248"}],"curies":[{"name":"wp","href":"https:\/\/api.w.org\/{rel}","templated":true}]}}