{"id":53219,"date":"2024-03-14T10:35:19","date_gmt":"2024-03-14T09:35:19","guid":{"rendered":"https:\/\/adhotelskaoprema.com\/?post_type=product&#038;p=53219"},"modified":"2024-03-25T12:57:41","modified_gmt":"2024-03-25T11:57:41","slug":"stropna-lampa-kubiko-pl-bijela","status":"publish","type":"product","link":"https:\/\/adhotelskaoprema.com\/en\/proizvod\/stropna-lampa-kubiko-pl-bijela\/","title":{"rendered":"Stropna lampa Kubiko pl- Bijela"},"content":{"rendered":"<p><span>Ku\u0107i\u0161te od aluminija presvu\u010deno prahom.\u00a0<\/span><span>Sjajni opalni poli karbonatni difuzor.\u00a0<\/span><\/p>\n<p><span>Magnetski sustav za pri\u010dvr\u0161\u0107ivanje.\u00a0<\/span><span>Zavr\u0161ne obrade: bijela, crna.<\/span><\/p>\n<p>Dimenzija: Duljina 100 x Visina 115 x Promjer 100 mm.<\/p>\n<p>Rok za isporuku 15 dana.<\/p>\n","protected":false},"excerpt":{"rendered":"<p>Ku\u0107i\u0161te od aluminija presvu\u010deno prahom.\u00a0Sjajni opalni poli karbonatni difuzor.\u00a0 Magnetski sustav za pri\u010dvr\u0161\u0107ivanje.\u00a0Zavr\u0161ne obrade: bijela, crna. Dimenzija: Duljina 100 x Visina 115 x Promjer 100 mm. Rok za isporuku 15 dana.<\/p>\n","protected":false},"featured_media":53221,"template":"","meta":{"_acf_changed":false},"product_brand":[],"product_cat":[163],"product_tag":[],"class_list":{"0":"post-53219","1":"product","2":"type-product","3":"status-publish","4":"has-post-thumbnail","6":"product_cat-unutarnja-rasvjeta-stropna","8":"first","9":"instock","10":"sale","11":"taxable","12":"shipping-taxable","13":"purchasable","14":"product-type-simple"},"acf":[],"_links":{"self":[{"href":"https:\/\/adhotelskaoprema.com\/en\/wp-json\/wp\/v2\/product\/53219","targetHints":{"allow":["GET"]}}],"collection":[{"href":"https:\/\/adhotelskaoprema.com\/en\/wp-json\/wp\/v2\/product"}],"about":[{"href":"https:\/\/adhotelskaoprema.com\/en\/wp-json\/wp\/v2\/types\/product"}],"wp:featuredmedia":[{"embeddable":true,"href":"https:\/\/adhotelskaoprema.com\/en\/wp-json\/wp\/v2\/media\/53221"}],"wp:attachment":[{"href":"https:\/\/adhotelskaoprema.com\/en\/wp-json\/wp\/v2\/media?parent=53219"}],"wp:term":[{"taxonomy":"product_brand","embeddable":true,"href":"https:\/\/adhotelskaoprema.com\/en\/wp-json\/wp\/v2\/product_brand?post=53219"},{"taxonomy":"product_cat","embeddable":true,"href":"https:\/\/adhotelskaoprema.com\/en\/wp-json\/wp\/v2\/product_cat?post=53219"},{"taxonomy":"product_tag","embeddable":true,"href":"https:\/\/adhotelskaoprema.com\/en\/wp-json\/wp\/v2\/product_tag?post=53219"}],"curies":[{"name":"wp","href":"https:\/\/api.w.org\/{rel}","templated":true}]}}