{"id":53214,"date":"2024-03-14T10:26:54","date_gmt":"2024-03-14T09:26:54","guid":{"rendered":"https:\/\/adhotelskaoprema.com\/?post_type=product&#038;p=53214"},"modified":"2024-03-25T12:57:42","modified_gmt":"2024-03-25T11:57:42","slug":"stropna-lampa-nitro-pl-d05-kvadratna-crna","status":"publish","type":"product","link":"https:\/\/adhotelskaoprema.com\/en\/proizvod\/stropna-lampa-nitro-pl-d05-kvadratna-crna\/","title":{"rendered":"Stropna lampa Nitro pl d05- Kvadratna crna"},"content":{"rendered":"<p>Bijelo ili crno mat lakirano aluminijsko tijelo.\u00a0Iznutra zavr\u0161ena plasti\u010dnom maskom.<\/p>\n<p>Integrirani LED izvor s le\u0107om.<\/p>\n<p>Dimenzija:\u00a0 Duljina 55 x Visina 90 x \u0160irina 55 mm.<\/p>\n<p>Rok isporuke 15 dana.<\/p>\n","protected":false},"excerpt":{"rendered":"<p>Bijelo ili crno mat lakirano aluminijsko tijelo.\u00a0Iznutra zavr\u0161ena plasti\u010dnom maskom. Integrirani LED izvor s le\u0107om. Dimenzija:\u00a0 Duljina 55 x Visina 90 x \u0160irina 55 mm. Rok isporuke 15 dana.<\/p>\n","protected":false},"featured_media":53218,"template":"","meta":{"_acf_changed":false},"product_brand":[],"product_cat":[163],"product_tag":[],"class_list":{"0":"post-53214","1":"product","2":"type-product","3":"status-publish","4":"has-post-thumbnail","6":"product_cat-unutarnja-rasvjeta-stropna","8":"first","9":"instock","10":"sale","11":"taxable","12":"shipping-taxable","13":"purchasable","14":"product-type-simple"},"acf":[],"_links":{"self":[{"href":"https:\/\/adhotelskaoprema.com\/en\/wp-json\/wp\/v2\/product\/53214","targetHints":{"allow":["GET"]}}],"collection":[{"href":"https:\/\/adhotelskaoprema.com\/en\/wp-json\/wp\/v2\/product"}],"about":[{"href":"https:\/\/adhotelskaoprema.com\/en\/wp-json\/wp\/v2\/types\/product"}],"wp:featuredmedia":[{"embeddable":true,"href":"https:\/\/adhotelskaoprema.com\/en\/wp-json\/wp\/v2\/media\/53218"}],"wp:attachment":[{"href":"https:\/\/adhotelskaoprema.com\/en\/wp-json\/wp\/v2\/media?parent=53214"}],"wp:term":[{"taxonomy":"product_brand","embeddable":true,"href":"https:\/\/adhotelskaoprema.com\/en\/wp-json\/wp\/v2\/product_brand?post=53214"},{"taxonomy":"product_cat","embeddable":true,"href":"https:\/\/adhotelskaoprema.com\/en\/wp-json\/wp\/v2\/product_cat?post=53214"},{"taxonomy":"product_tag","embeddable":true,"href":"https:\/\/adhotelskaoprema.com\/en\/wp-json\/wp\/v2\/product_tag?post=53214"}],"curies":[{"name":"wp","href":"https:\/\/api.w.org\/{rel}","templated":true}]}}