{"id":53190,"date":"2024-03-14T09:44:18","date_gmt":"2024-03-14T08:44:18","guid":{"rendered":"https:\/\/adhotelskaoprema.com\/?post_type=product&#038;p=53190"},"modified":"2024-03-25T12:57:44","modified_gmt":"2024-03-25T11:57:44","slug":"stropna-lampa-nitro-pl-d10-kvadratna-crna","status":"publish","type":"product","link":"https:\/\/adhotelskaoprema.com\/en\/proizvod\/stropna-lampa-nitro-pl-d10-kvadratna-crna\/","title":{"rendered":"Stropna lampa Nitro pl d10- Kvadratna Crna"},"content":{"rendered":"<p>Bijelo ili crno mat lakirano aluminijsko tijelo.\u00a0Iznutra zavr\u0161ena plasti\u010dnom maskom.<\/p>\n<p>Integrirani LED izvor s le\u0107om.<\/p>\n<p>Dimenzije: Duljina 97 x Visina 120 x \u0160irina 97 mm.<\/p>\n<p>Rok isporuke 15 dana.<\/p>\n","protected":false},"excerpt":{"rendered":"<p>Bijelo ili crno mat lakirano aluminijsko tijelo.\u00a0Iznutra zavr\u0161ena plasti\u010dnom maskom. Integrirani LED izvor s le\u0107om. Dimenzije: Duljina 97 x Visina 120 x \u0160irina 97 mm. Rok isporuke 15 dana.<\/p>\n","protected":false},"featured_media":53192,"template":"","meta":{"_acf_changed":false},"product_brand":[],"product_cat":[163],"product_tag":[],"class_list":{"0":"post-53190","1":"product","2":"type-product","3":"status-publish","4":"has-post-thumbnail","6":"product_cat-unutarnja-rasvjeta-stropna","8":"first","9":"instock","10":"sale","11":"taxable","12":"shipping-taxable","13":"purchasable","14":"product-type-simple"},"acf":[],"_links":{"self":[{"href":"https:\/\/adhotelskaoprema.com\/en\/wp-json\/wp\/v2\/product\/53190","targetHints":{"allow":["GET"]}}],"collection":[{"href":"https:\/\/adhotelskaoprema.com\/en\/wp-json\/wp\/v2\/product"}],"about":[{"href":"https:\/\/adhotelskaoprema.com\/en\/wp-json\/wp\/v2\/types\/product"}],"wp:featuredmedia":[{"embeddable":true,"href":"https:\/\/adhotelskaoprema.com\/en\/wp-json\/wp\/v2\/media\/53192"}],"wp:attachment":[{"href":"https:\/\/adhotelskaoprema.com\/en\/wp-json\/wp\/v2\/media?parent=53190"}],"wp:term":[{"taxonomy":"product_brand","embeddable":true,"href":"https:\/\/adhotelskaoprema.com\/en\/wp-json\/wp\/v2\/product_brand?post=53190"},{"taxonomy":"product_cat","embeddable":true,"href":"https:\/\/adhotelskaoprema.com\/en\/wp-json\/wp\/v2\/product_cat?post=53190"},{"taxonomy":"product_tag","embeddable":true,"href":"https:\/\/adhotelskaoprema.com\/en\/wp-json\/wp\/v2\/product_tag?post=53190"}],"curies":[{"name":"wp","href":"https:\/\/api.w.org\/{rel}","templated":true}]}}