{"id":53170,"date":"2024-03-13T17:21:41","date_gmt":"2024-03-13T16:21:41","guid":{"rendered":"https:\/\/adhotelskaoprema.com\/?post_type=product&#038;p=53170"},"modified":"2024-03-25T12:57:46","modified_gmt":"2024-03-25T11:57:46","slug":"stropna-lampa-gemma-pl-d29-crna","status":"publish","type":"product","link":"https:\/\/adhotelskaoprema.com\/en\/proizvod\/stropna-lampa-gemma-pl-d29-crna\/","title":{"rendered":"Stropna lampa Gemma pl d29-Crna"},"content":{"rendered":"<p>Plasti\u010dna baza s razli\u010ditim zavr\u0161nim obradama.<\/p>\n<p>Mat bijeli poli karbonatni difuzor. Sustav brzog pri\u010dvr\u0161\u0107ivanja.<\/p>\n<p>Dimenzija: \u00d8 290 x Visina 60 mm.<\/p>\n<p>Rok za isporuku 15 dana.<\/p>\n","protected":false},"excerpt":{"rendered":"<p>Plasti\u010dna baza s razli\u010ditim zavr\u0161nim obradama. Mat bijeli poli karbonatni difuzor. Sustav brzog pri\u010dvr\u0161\u0107ivanja. Dimenzija: \u00d8 290 x Visina 60 mm. Rok za isporuku 15 dana.<\/p>\n","protected":false},"featured_media":53178,"template":"","meta":{"_acf_changed":false},"product_brand":[],"product_cat":[163],"product_tag":[],"class_list":{"0":"post-53170","1":"product","2":"type-product","3":"status-publish","4":"has-post-thumbnail","6":"product_cat-unutarnja-rasvjeta-stropna","8":"first","9":"instock","10":"sale","11":"taxable","12":"shipping-taxable","13":"purchasable","14":"product-type-simple"},"acf":[],"_links":{"self":[{"href":"https:\/\/adhotelskaoprema.com\/en\/wp-json\/wp\/v2\/product\/53170","targetHints":{"allow":["GET"]}}],"collection":[{"href":"https:\/\/adhotelskaoprema.com\/en\/wp-json\/wp\/v2\/product"}],"about":[{"href":"https:\/\/adhotelskaoprema.com\/en\/wp-json\/wp\/v2\/types\/product"}],"wp:featuredmedia":[{"embeddable":true,"href":"https:\/\/adhotelskaoprema.com\/en\/wp-json\/wp\/v2\/media\/53178"}],"wp:attachment":[{"href":"https:\/\/adhotelskaoprema.com\/en\/wp-json\/wp\/v2\/media?parent=53170"}],"wp:term":[{"taxonomy":"product_brand","embeddable":true,"href":"https:\/\/adhotelskaoprema.com\/en\/wp-json\/wp\/v2\/product_brand?post=53170"},{"taxonomy":"product_cat","embeddable":true,"href":"https:\/\/adhotelskaoprema.com\/en\/wp-json\/wp\/v2\/product_cat?post=53170"},{"taxonomy":"product_tag","embeddable":true,"href":"https:\/\/adhotelskaoprema.com\/en\/wp-json\/wp\/v2\/product_tag?post=53170"}],"curies":[{"name":"wp","href":"https:\/\/api.w.org\/{rel}","templated":true}]}}