{"id":53155,"date":"2024-03-13T15:43:07","date_gmt":"2024-03-13T14:43:07","guid":{"rendered":"https:\/\/adhotelskaoprema.com\/?post_type=product&#038;p=53155"},"modified":"2024-03-25T12:57:48","modified_gmt":"2024-03-25T11:57:48","slug":"stropna-lampa-shell-pl4-prozirno-staklo","status":"publish","type":"product","link":"https:\/\/adhotelskaoprema.com\/en\/proizvod\/stropna-lampa-shell-pl4-prozirno-staklo\/","title":{"rendered":"Stropna lampa Shell pl4- Prozirno staklo"},"content":{"rendered":"<p>Stakleni difuzor izra\u0111en u obliku plo\u010de s unutra\u0161njom dekoracijom od zrna.<\/p>\n<p>Staklo za staklo s metalnim detaljem. Dostupne verzije: prozirno staklo s kromiranim<\/p>\n<p>detaljima ili jantarno staklo sa zlatnim detaljima.<\/p>\n<p>Dimenzija: \u00d8 500 x visina200 mm.<\/p>\n<p>Rok za isporuku 15 dana.<\/p>\n","protected":false},"excerpt":{"rendered":"<p>Stakleni difuzor izra\u0111en u obliku plo\u010de s unutra\u0161njom dekoracijom od zrna. Staklo za staklo s metalnim detaljem. Dostupne verzije: prozirno staklo s kromiranim detaljima ili jantarno staklo sa zlatnim detaljima. Dimenzija: \u00d8 500 x visina200 mm. Rok za isporuku 15 dana.<\/p>\n","protected":false},"featured_media":53157,"template":"","meta":{"_acf_changed":false},"product_brand":[],"product_cat":[163],"product_tag":[],"class_list":{"0":"post-53155","1":"product","2":"type-product","3":"status-publish","4":"has-post-thumbnail","6":"product_cat-unutarnja-rasvjeta-stropna","8":"first","9":"instock","10":"sale","11":"taxable","12":"shipping-taxable","13":"purchasable","14":"product-type-simple"},"acf":[],"_links":{"self":[{"href":"https:\/\/adhotelskaoprema.com\/en\/wp-json\/wp\/v2\/product\/53155","targetHints":{"allow":["GET"]}}],"collection":[{"href":"https:\/\/adhotelskaoprema.com\/en\/wp-json\/wp\/v2\/product"}],"about":[{"href":"https:\/\/adhotelskaoprema.com\/en\/wp-json\/wp\/v2\/types\/product"}],"wp:featuredmedia":[{"embeddable":true,"href":"https:\/\/adhotelskaoprema.com\/en\/wp-json\/wp\/v2\/media\/53157"}],"wp:attachment":[{"href":"https:\/\/adhotelskaoprema.com\/en\/wp-json\/wp\/v2\/media?parent=53155"}],"wp:term":[{"taxonomy":"product_brand","embeddable":true,"href":"https:\/\/adhotelskaoprema.com\/en\/wp-json\/wp\/v2\/product_brand?post=53155"},{"taxonomy":"product_cat","embeddable":true,"href":"https:\/\/adhotelskaoprema.com\/en\/wp-json\/wp\/v2\/product_cat?post=53155"},{"taxonomy":"product_tag","embeddable":true,"href":"https:\/\/adhotelskaoprema.com\/en\/wp-json\/wp\/v2\/product_tag?post=53155"}],"curies":[{"name":"wp","href":"https:\/\/api.w.org\/{rel}","templated":true}]}}