{"id":53041,"date":"2024-03-13T12:27:24","date_gmt":"2024-03-13T11:27:24","guid":{"rendered":"https:\/\/adhotelskaoprema.com\/?post_type=product&#038;p=53041"},"modified":"2024-03-25T12:57:55","modified_gmt":"2024-03-25T11:57:55","slug":"stropne-lampe-planet-pl-d40-crna","status":"publish","type":"product","link":"https:\/\/adhotelskaoprema.com\/en\/proizvod\/stropne-lampe-planet-pl-d40-crna\/","title":{"rendered":"Stropne lampe Planet pl d40- Crna"},"content":{"rendered":"<p>Mat lakirano metalno postolje i sredi\u0161nji reflektiraju\u0107i disk.<\/p>\n<p>Saten opal poli karbonatni difuzor. Zavr\u0161ne obrade: bijela, crna.<\/p>\n<p>Dimenzija: \u00d8 400 x Visina 50 mm.<\/p>\n<p>Rok za isporuku 15 dana.<\/p>\n","protected":false},"excerpt":{"rendered":"<p>Mat lakirano metalno postolje i sredi\u0161nji reflektiraju\u0107i disk. Saten opal poli karbonatni difuzor. Zavr\u0161ne obrade: bijela, crna. Dimenzija: \u00d8 400 x Visina 50 mm. Rok za isporuku 15 dana.<\/p>\n","protected":false},"featured_media":53044,"template":"","meta":{"_acf_changed":false},"product_brand":[],"product_cat":[163],"product_tag":[],"class_list":{"0":"post-53041","1":"product","2":"type-product","3":"status-publish","4":"has-post-thumbnail","6":"product_cat-unutarnja-rasvjeta-stropna","8":"first","9":"instock","10":"sale","11":"taxable","12":"shipping-taxable","13":"purchasable","14":"product-type-simple"},"acf":[],"_links":{"self":[{"href":"https:\/\/adhotelskaoprema.com\/en\/wp-json\/wp\/v2\/product\/53041","targetHints":{"allow":["GET"]}}],"collection":[{"href":"https:\/\/adhotelskaoprema.com\/en\/wp-json\/wp\/v2\/product"}],"about":[{"href":"https:\/\/adhotelskaoprema.com\/en\/wp-json\/wp\/v2\/types\/product"}],"wp:featuredmedia":[{"embeddable":true,"href":"https:\/\/adhotelskaoprema.com\/en\/wp-json\/wp\/v2\/media\/53044"}],"wp:attachment":[{"href":"https:\/\/adhotelskaoprema.com\/en\/wp-json\/wp\/v2\/media?parent=53041"}],"wp:term":[{"taxonomy":"product_brand","embeddable":true,"href":"https:\/\/adhotelskaoprema.com\/en\/wp-json\/wp\/v2\/product_brand?post=53041"},{"taxonomy":"product_cat","embeddable":true,"href":"https:\/\/adhotelskaoprema.com\/en\/wp-json\/wp\/v2\/product_cat?post=53041"},{"taxonomy":"product_tag","embeddable":true,"href":"https:\/\/adhotelskaoprema.com\/en\/wp-json\/wp\/v2\/product_tag?post=53041"}],"curies":[{"name":"wp","href":"https:\/\/api.w.org\/{rel}","templated":true}]}}