{"id":52873,"date":"2024-03-12T16:28:27","date_gmt":"2024-03-12T15:28:27","guid":{"rendered":"https:\/\/adhotelskaoprema.com\/?post_type=product&#038;p=52873"},"modified":"2024-03-25T12:58:06","modified_gmt":"2024-03-25T11:58:06","slug":"stropna-lampa-relax-pl-d090","status":"publish","type":"product","link":"https:\/\/adhotelskaoprema.com\/en\/proizvod\/stropna-lampa-relax-pl-d090\/","title":{"rendered":"Stropna lampa Relax pl d090"},"content":{"rendered":"<p><span>Metalni okvir zavr\u0161en mat bijelim lakom.\u00a0<\/span><span>Opalni polikarbonatni difuzori.\u00a0<\/span><\/p>\n<p><span>Dvostruka emisija svjetlosti: primarna i bo\u010dna.\u00a0<\/span><span>Zamjenjivi LED izvor.<\/span><\/p>\n<p><span>\u00a0<\/span><span>Integrirano napajanje s mogu\u0107no\u0161\u0107u prigu\u0161ivanja.<\/span><\/p>\n<p>Dimenzija: Duljina 900 x Visina 40 x Promjer 400 m.<\/p>\n<p>Rok za isporuku 15 dana.<\/p>\n","protected":false},"excerpt":{"rendered":"<p>Metalni okvir zavr\u0161en mat bijelim lakom.\u00a0Opalni polikarbonatni difuzori.\u00a0 Dvostruka emisija svjetlosti: primarna i bo\u010dna.\u00a0Zamjenjivi LED izvor. \u00a0Integrirano napajanje s mogu\u0107no\u0161\u0107u prigu\u0161ivanja. Dimenzija: Duljina 900 x Visina 40 x Promjer 400 m. Rok za isporuku 15 dana.<\/p>\n","protected":false},"featured_media":52875,"template":"","meta":{"_acf_changed":false},"product_brand":[],"product_cat":[163],"product_tag":[],"class_list":{"0":"post-52873","1":"product","2":"type-product","3":"status-publish","4":"has-post-thumbnail","6":"product_cat-unutarnja-rasvjeta-stropna","8":"first","9":"instock","10":"sale","11":"taxable","12":"shipping-taxable","13":"purchasable","14":"product-type-simple"},"acf":[],"_links":{"self":[{"href":"https:\/\/adhotelskaoprema.com\/en\/wp-json\/wp\/v2\/product\/52873","targetHints":{"allow":["GET"]}}],"collection":[{"href":"https:\/\/adhotelskaoprema.com\/en\/wp-json\/wp\/v2\/product"}],"about":[{"href":"https:\/\/adhotelskaoprema.com\/en\/wp-json\/wp\/v2\/types\/product"}],"wp:featuredmedia":[{"embeddable":true,"href":"https:\/\/adhotelskaoprema.com\/en\/wp-json\/wp\/v2\/media\/52875"}],"wp:attachment":[{"href":"https:\/\/adhotelskaoprema.com\/en\/wp-json\/wp\/v2\/media?parent=52873"}],"wp:term":[{"taxonomy":"product_brand","embeddable":true,"href":"https:\/\/adhotelskaoprema.com\/en\/wp-json\/wp\/v2\/product_brand?post=52873"},{"taxonomy":"product_cat","embeddable":true,"href":"https:\/\/adhotelskaoprema.com\/en\/wp-json\/wp\/v2\/product_cat?post=52873"},{"taxonomy":"product_tag","embeddable":true,"href":"https:\/\/adhotelskaoprema.com\/en\/wp-json\/wp\/v2\/product_tag?post=52873"}],"curies":[{"name":"wp","href":"https:\/\/api.w.org\/{rel}","templated":true}]}}