{"id":52872,"date":"2024-03-12T16:21:58","date_gmt":"2024-03-12T15:21:58","guid":{"rendered":"https:\/\/adhotelskaoprema.com\/?post_type=product&#038;p=52872"},"modified":"2024-03-25T12:58:06","modified_gmt":"2024-03-25T11:58:06","slug":"stropna-lampa-alfa-pl6-saten-bijela","status":"publish","type":"product","link":"https:\/\/adhotelskaoprema.com\/en\/proizvod\/stropna-lampa-alfa-pl6-saten-bijela\/","title":{"rendered":"Stropna lampa Alfa pl6 saten bijela"},"content":{"rendered":"<p>Metalna struktura sa saten bijelom ili saten niklom.<\/p>\n<p>Reflektiraju\u0107e tijelo se pode\u0161ava rotacijom stabla i nagibom okretne to\u010dke.<\/p>\n<p>Dimenzija: Duljina 1065 x Visina 160 x Promjer 220 mm.<\/p>\n<p>Rok isporuke 15 dana.<\/p>\n","protected":false},"excerpt":{"rendered":"<p>Metalna struktura sa saten bijelom ili saten niklom. Reflektiraju\u0107e tijelo se pode\u0161ava rotacijom stabla i nagibom okretne to\u010dke. Dimenzija: Duljina 1065 x Visina 160 x Promjer 220 mm. Rok isporuke 15 dana.<\/p>\n","protected":false},"featured_media":52868,"template":"","meta":{"_acf_changed":false},"product_brand":[],"product_cat":[163],"product_tag":[],"class_list":{"0":"post-52872","1":"product","2":"type-product","3":"status-publish","4":"has-post-thumbnail","6":"product_cat-unutarnja-rasvjeta-stropna","8":"first","9":"instock","10":"sale","11":"taxable","12":"shipping-taxable","13":"purchasable","14":"product-type-simple"},"acf":[],"_links":{"self":[{"href":"https:\/\/adhotelskaoprema.com\/en\/wp-json\/wp\/v2\/product\/52872","targetHints":{"allow":["GET"]}}],"collection":[{"href":"https:\/\/adhotelskaoprema.com\/en\/wp-json\/wp\/v2\/product"}],"about":[{"href":"https:\/\/adhotelskaoprema.com\/en\/wp-json\/wp\/v2\/types\/product"}],"wp:featuredmedia":[{"embeddable":true,"href":"https:\/\/adhotelskaoprema.com\/en\/wp-json\/wp\/v2\/media\/52868"}],"wp:attachment":[{"href":"https:\/\/adhotelskaoprema.com\/en\/wp-json\/wp\/v2\/media?parent=52872"}],"wp:term":[{"taxonomy":"product_brand","embeddable":true,"href":"https:\/\/adhotelskaoprema.com\/en\/wp-json\/wp\/v2\/product_brand?post=52872"},{"taxonomy":"product_cat","embeddable":true,"href":"https:\/\/adhotelskaoprema.com\/en\/wp-json\/wp\/v2\/product_cat?post=52872"},{"taxonomy":"product_tag","embeddable":true,"href":"https:\/\/adhotelskaoprema.com\/en\/wp-json\/wp\/v2\/product_tag?post=52872"}],"curies":[{"name":"wp","href":"https:\/\/api.w.org\/{rel}","templated":true}]}}