{"id":52757,"date":"2024-03-12T11:26:13","date_gmt":"2024-03-12T10:26:13","guid":{"rendered":"https:\/\/adhotelskaoprema.com\/?post_type=product&#038;p=52757"},"modified":"2024-03-25T14:30:07","modified_gmt":"2024-03-25T13:30:07","slug":"lezaljka-001-maslinaste-boje","status":"publish","type":"product","link":"https:\/\/adhotelskaoprema.com\/en\/proizvod\/lezaljka-001-maslinaste-boje\/","title":{"rendered":"Le\u017ealjka 001 &#8211; Maslinaste boje"},"content":{"rendered":"<p>Slo\u017eiva le\u017ealjka s kota\u010dima. Lakirana aluminijska struktura. Noge od polipropilena oja\u010danog staklenim vlaknima. Phifertex\u00ae tkanina. Jednostavan za odr\u017eavanje, antibakterijski, otporan na vlagu. Sklopivi naslon za le\u0111a sa 5 polo\u017eaja. Kota\u010di. Vrlo lako se \u010disti i dezinficira. Proizvod za javnu i doma\u0107u uporabu.<\/p>\n<p>Dimenzije: visina 33 x \u0161irina 73 x duljina 188 cm.<\/p>\n<p>Rok isporuke\u00a0 20 &#8211; 30 dana.<\/p>\n","protected":false},"excerpt":{"rendered":"<p>Slo\u017eiva le\u017ealjka s kota\u010dima. Lakirana aluminijska struktura. Noge od polipropilena oja\u010danog staklenim vlaknima. Phifertex\u00ae tkanina. Jednostavan za odr\u017eavanje, antibakterijski, otporan na vlagu. Sklopivi naslon za le\u0111a sa 5 polo\u017eaja. Kota\u010di. Vrlo lako se \u010disti i dezinficira. Proizvod za javnu i doma\u0107u uporabu. Dimenzije: visina 33 x \u0161irina 73 x duljina 188 cm. Rok isporuke\u00a0 20 [&hellip;]<\/p>\n","protected":false},"featured_media":52758,"template":"","meta":{"_acf_changed":false},"product_brand":[],"product_cat":[279],"product_tag":[],"class_list":{"0":"post-52757","1":"product","2":"type-product","3":"status-publish","4":"has-post-thumbnail","6":"product_cat-lezaljke-2","8":"first","9":"instock","10":"sale","11":"taxable","12":"shipping-taxable","13":"purchasable","14":"product-type-simple"},"acf":[],"_links":{"self":[{"href":"https:\/\/adhotelskaoprema.com\/en\/wp-json\/wp\/v2\/product\/52757","targetHints":{"allow":["GET"]}}],"collection":[{"href":"https:\/\/adhotelskaoprema.com\/en\/wp-json\/wp\/v2\/product"}],"about":[{"href":"https:\/\/adhotelskaoprema.com\/en\/wp-json\/wp\/v2\/types\/product"}],"wp:featuredmedia":[{"embeddable":true,"href":"https:\/\/adhotelskaoprema.com\/en\/wp-json\/wp\/v2\/media\/52758"}],"wp:attachment":[{"href":"https:\/\/adhotelskaoprema.com\/en\/wp-json\/wp\/v2\/media?parent=52757"}],"wp:term":[{"taxonomy":"product_brand","embeddable":true,"href":"https:\/\/adhotelskaoprema.com\/en\/wp-json\/wp\/v2\/product_brand?post=52757"},{"taxonomy":"product_cat","embeddable":true,"href":"https:\/\/adhotelskaoprema.com\/en\/wp-json\/wp\/v2\/product_cat?post=52757"},{"taxonomy":"product_tag","embeddable":true,"href":"https:\/\/adhotelskaoprema.com\/en\/wp-json\/wp\/v2\/product_tag?post=52757"}],"curies":[{"name":"wp","href":"https:\/\/api.w.org\/{rel}","templated":true}]}}