{"id":52756,"date":"2024-03-12T11:59:40","date_gmt":"2024-03-12T10:59:40","guid":{"rendered":"https:\/\/adhotelskaoprema.com\/?post_type=product&#038;p=52756"},"modified":"2024-03-25T14:30:07","modified_gmt":"2024-03-25T13:30:07","slug":"lezaljka-002-taupe-boje","status":"publish","type":"product","link":"https:\/\/adhotelskaoprema.com\/en\/proizvod\/lezaljka-002-taupe-boje\/","title":{"rendered":"Le\u017ealjka 002 &#8211; Taupe boje"},"content":{"rendered":"<p>Slo\u017eiva le\u017ealjka s kota\u010dima. Lakirana aluminijska struktura. Noge od polipropilena oja\u010danog staklenim vlaknima. Phifertex\u00ae tkanina. Jednostavan za odr\u017eavanje, antibakterijski, otporan na vlagu. Sklopivi naslon za le\u0111a sa 5 polo\u017eaja. Vrlo lako se \u010disti i dezinficira. Proizvod za javnu i doma\u0107u uporabu. Dva materijala spojena zajedno \u010dine vrlo otpornu i funkcionalnu le\u017ealjku.\u00a0 Izdvaja se od ostalih zahvaljuju\u0107i \u010distom izgledu i jednostavnosti svojih linija.<\/p>\n<p>Dimenzije: visina 44 x \u0161irina 75 x duljina 211 cm.<\/p>\n<p>Rok isporuke\u00a0 20 &#8211; 30 dana.<\/p>\n","protected":false},"excerpt":{"rendered":"<p>Slo\u017eiva le\u017ealjka s kota\u010dima. Lakirana aluminijska struktura. Noge od polipropilena oja\u010danog staklenim vlaknima. Phifertex\u00ae tkanina. Jednostavan za odr\u017eavanje, antibakterijski, otporan na vlagu. Sklopivi naslon za le\u0111a sa 5 polo\u017eaja. Vrlo lako se \u010disti i dezinficira. Proizvod za javnu i doma\u0107u uporabu. Dva materijala spojena zajedno \u010dine vrlo otpornu i funkcionalnu le\u017ealjku.\u00a0 Izdvaja se od ostalih [&hellip;]<\/p>\n","protected":false},"featured_media":52771,"template":"","meta":{"_acf_changed":false},"product_brand":[],"product_cat":[279],"product_tag":[],"class_list":{"0":"post-52756","1":"product","2":"type-product","3":"status-publish","4":"has-post-thumbnail","6":"product_cat-lezaljke-2","8":"first","9":"instock","10":"sale","11":"taxable","12":"shipping-taxable","13":"purchasable","14":"product-type-simple"},"acf":[],"_links":{"self":[{"href":"https:\/\/adhotelskaoprema.com\/en\/wp-json\/wp\/v2\/product\/52756","targetHints":{"allow":["GET"]}}],"collection":[{"href":"https:\/\/adhotelskaoprema.com\/en\/wp-json\/wp\/v2\/product"}],"about":[{"href":"https:\/\/adhotelskaoprema.com\/en\/wp-json\/wp\/v2\/types\/product"}],"wp:featuredmedia":[{"embeddable":true,"href":"https:\/\/adhotelskaoprema.com\/en\/wp-json\/wp\/v2\/media\/52771"}],"wp:attachment":[{"href":"https:\/\/adhotelskaoprema.com\/en\/wp-json\/wp\/v2\/media?parent=52756"}],"wp:term":[{"taxonomy":"product_brand","embeddable":true,"href":"https:\/\/adhotelskaoprema.com\/en\/wp-json\/wp\/v2\/product_brand?post=52756"},{"taxonomy":"product_cat","embeddable":true,"href":"https:\/\/adhotelskaoprema.com\/en\/wp-json\/wp\/v2\/product_cat?post=52756"},{"taxonomy":"product_tag","embeddable":true,"href":"https:\/\/adhotelskaoprema.com\/en\/wp-json\/wp\/v2\/product_tag?post=52756"}],"curies":[{"name":"wp","href":"https:\/\/api.w.org\/{rel}","templated":true}]}}