{"id":52717,"date":"2024-03-11T16:50:35","date_gmt":"2024-03-11T15:50:35","guid":{"rendered":"https:\/\/adhotelskaoprema.com\/?post_type=product&#038;p=52717"},"modified":"2024-03-11T17:13:54","modified_gmt":"2024-03-11T16:13:54","slug":"ogrtac-premium-sa-ovratnikom-430g-bijele-boje-l-velicine","status":"publish","type":"product","link":"https:\/\/adhotelskaoprema.com\/en\/proizvod\/ogrtac-premium-sa-ovratnikom-430g-bijele-boje-l-velicine\/","title":{"rendered":"Ogrta\u010d premium sa ovratnikom 430g &#8211; Bijele boje L veli\u010dina"},"content":{"rendered":"<p>Pahuljasti, mekani jednoslojni ku\u0107ni ogrta\u010d s kovr\u010davom unutra\u0161njo\u0161\u0107u i vanj\u0161tinom. Izvrstan klasik s elegantnim \u0161al ovratnikom i jednostavno popularan me\u0111u kupcima koji vole voluminozne kvalitete frotira.<\/p>\n<p>Dizajn: \u0161al ovratnik, unisex, kroj za cijelo tijelo.<\/p>\n<p>Pre\u0111a: isklju\u010divo vrhunska grebena prstenasta pre\u0111a.<\/p>\n<p>\u0160avovi: overlock rubovi, pritisni \u0161av sa strane.<\/p>\n<p>Dodaci: dva bo\u010dna na\u0161ivena d\u017eepa, remen za vezanje s dvostrukim om\u010dama.<\/p>\n<p>Pranje: do 95\u00b0C, 203\u00b0F otporno na kuhanje.<\/p>\n<p>Certifikati: Standard 100 by Oekotex.<\/p>\n<p>&nbsp;<\/p>\n","protected":false},"excerpt":{"rendered":"<p>Pahuljasti, mekani jednoslojni ku\u0107ni ogrta\u010d s kovr\u010davom unutra\u0161njo\u0161\u0107u i vanj\u0161tinom. Izvrstan klasik s elegantnim \u0161al ovratnikom i jednostavno popularan me\u0111u kupcima koji vole voluminozne kvalitete frotira. Dizajn: \u0161al ovratnik, unisex, kroj za cijelo tijelo. Pre\u0111a: isklju\u010divo vrhunska grebena prstenasta pre\u0111a. \u0160avovi: overlock rubovi, pritisni \u0161av sa strane. Dodaci: dva bo\u010dna na\u0161ivena d\u017eepa, remen za vezanje [&hellip;]<\/p>\n","protected":false},"featured_media":52719,"template":"","meta":{"_acf_changed":false},"product_brand":[],"product_cat":[72],"product_tag":[],"class_list":{"0":"post-52717","1":"product","2":"type-product","3":"status-publish","4":"has-post-thumbnail","6":"product_cat-ogrtaci","8":"first","9":"instock","10":"taxable","11":"shipping-taxable","12":"purchasable","13":"product-type-simple"},"acf":[],"_links":{"self":[{"href":"https:\/\/adhotelskaoprema.com\/en\/wp-json\/wp\/v2\/product\/52717","targetHints":{"allow":["GET"]}}],"collection":[{"href":"https:\/\/adhotelskaoprema.com\/en\/wp-json\/wp\/v2\/product"}],"about":[{"href":"https:\/\/adhotelskaoprema.com\/en\/wp-json\/wp\/v2\/types\/product"}],"wp:featuredmedia":[{"embeddable":true,"href":"https:\/\/adhotelskaoprema.com\/en\/wp-json\/wp\/v2\/media\/52719"}],"wp:attachment":[{"href":"https:\/\/adhotelskaoprema.com\/en\/wp-json\/wp\/v2\/media?parent=52717"}],"wp:term":[{"taxonomy":"product_brand","embeddable":true,"href":"https:\/\/adhotelskaoprema.com\/en\/wp-json\/wp\/v2\/product_brand?post=52717"},{"taxonomy":"product_cat","embeddable":true,"href":"https:\/\/adhotelskaoprema.com\/en\/wp-json\/wp\/v2\/product_cat?post=52717"},{"taxonomy":"product_tag","embeddable":true,"href":"https:\/\/adhotelskaoprema.com\/en\/wp-json\/wp\/v2\/product_tag?post=52717"}],"curies":[{"name":"wp","href":"https:\/\/api.w.org\/{rel}","templated":true}]}}