{"id":52716,"date":"2024-03-11T16:47:55","date_gmt":"2024-03-11T15:47:55","guid":{"rendered":"https:\/\/adhotelskaoprema.com\/?post_type=product&#038;p=52716"},"modified":"2024-03-25T12:58:11","modified_gmt":"2024-03-25T11:58:11","slug":"stropne-lampe-petit-pl1-boje-mjeda","status":"publish","type":"product","link":"https:\/\/adhotelskaoprema.com\/en\/proizvod\/stropne-lampe-petit-pl1-boje-mjeda\/","title":{"rendered":"Stropne lampe Petit pl1- Boje mjeda"},"content":{"rendered":"<p>Platirano ili mat lakirano metalno tijelo.\u00a0Sustav pri\u010dvr\u0161\u0107ivanja bez vidljivih vijaka.<\/p>\n<p>Dostupne zavr\u0161ne obrade: bijela, mjed i crna.<\/p>\n<p>Dimenzija:\u00d8 50 x Visina 100 mm.<\/p>\n<p>Rok za isporuku 15 dana.<\/p>\n","protected":false},"excerpt":{"rendered":"<p>Platirano ili mat lakirano metalno tijelo.\u00a0Sustav pri\u010dvr\u0161\u0107ivanja bez vidljivih vijaka. Dostupne zavr\u0161ne obrade: bijela, mjed i crna. Dimenzija:\u00d8 50 x Visina 100 mm. Rok za isporuku 15 dana.<\/p>\n","protected":false},"featured_media":52704,"template":"","meta":{"_acf_changed":false},"product_brand":[],"product_cat":[163],"product_tag":[],"class_list":{"0":"post-52716","1":"product","2":"type-product","3":"status-publish","4":"has-post-thumbnail","6":"product_cat-unutarnja-rasvjeta-stropna","8":"first","9":"instock","10":"sale","11":"taxable","12":"shipping-taxable","13":"purchasable","14":"product-type-simple"},"acf":[],"_links":{"self":[{"href":"https:\/\/adhotelskaoprema.com\/en\/wp-json\/wp\/v2\/product\/52716","targetHints":{"allow":["GET"]}}],"collection":[{"href":"https:\/\/adhotelskaoprema.com\/en\/wp-json\/wp\/v2\/product"}],"about":[{"href":"https:\/\/adhotelskaoprema.com\/en\/wp-json\/wp\/v2\/types\/product"}],"wp:featuredmedia":[{"embeddable":true,"href":"https:\/\/adhotelskaoprema.com\/en\/wp-json\/wp\/v2\/media\/52704"}],"wp:attachment":[{"href":"https:\/\/adhotelskaoprema.com\/en\/wp-json\/wp\/v2\/media?parent=52716"}],"wp:term":[{"taxonomy":"product_brand","embeddable":true,"href":"https:\/\/adhotelskaoprema.com\/en\/wp-json\/wp\/v2\/product_brand?post=52716"},{"taxonomy":"product_cat","embeddable":true,"href":"https:\/\/adhotelskaoprema.com\/en\/wp-json\/wp\/v2\/product_cat?post=52716"},{"taxonomy":"product_tag","embeddable":true,"href":"https:\/\/adhotelskaoprema.com\/en\/wp-json\/wp\/v2\/product_tag?post=52716"}],"curies":[{"name":"wp","href":"https:\/\/api.w.org\/{rel}","templated":true}]}}