{"id":52675,"date":"2024-03-11T16:08:11","date_gmt":"2024-03-11T15:08:11","guid":{"rendered":"https:\/\/adhotelskaoprema.com\/?post_type=product&#038;p=52675"},"modified":"2024-03-25T12:58:13","modified_gmt":"2024-03-25T11:58:13","slug":"stropna-lampa-petit-pl3-bijele-boje","status":"publish","type":"product","link":"https:\/\/adhotelskaoprema.com\/en\/proizvod\/stropna-lampa-petit-pl3-bijele-boje\/","title":{"rendered":"Stropna lampa Petit pl3- Bijele boje"},"content":{"rendered":"<p><span>Platirano ili mat lakirano metalno tijelo.\u00a0<\/span><span>Sustav pri\u010dvr\u0161\u0107ivanja bez vidljivih vijaka.\u00a0<\/span><\/p>\n<p><span>Dostupne zavr\u0161ne obrade: bijela, mjed i crna.<\/span><\/p>\n<p>Dimenzija:\u00d8 300 x Visina 225 mm.<\/p>\n<p>rok isporuke 15 dana.<\/p>\n","protected":false},"excerpt":{"rendered":"<p>Platirano ili mat lakirano metalno tijelo.\u00a0Sustav pri\u010dvr\u0161\u0107ivanja bez vidljivih vijaka.\u00a0 Dostupne zavr\u0161ne obrade: bijela, mjed i crna. Dimenzija:\u00d8 300 x Visina 225 mm. rok isporuke 15 dana.<\/p>\n","protected":false},"featured_media":52676,"template":"","meta":{"_acf_changed":false},"product_brand":[],"product_cat":[163],"product_tag":[],"class_list":{"0":"post-52675","1":"product","2":"type-product","3":"status-publish","4":"has-post-thumbnail","6":"product_cat-unutarnja-rasvjeta-stropna","8":"first","9":"instock","10":"sale","11":"taxable","12":"shipping-taxable","13":"purchasable","14":"product-type-simple"},"acf":[],"_links":{"self":[{"href":"https:\/\/adhotelskaoprema.com\/en\/wp-json\/wp\/v2\/product\/52675","targetHints":{"allow":["GET"]}}],"collection":[{"href":"https:\/\/adhotelskaoprema.com\/en\/wp-json\/wp\/v2\/product"}],"about":[{"href":"https:\/\/adhotelskaoprema.com\/en\/wp-json\/wp\/v2\/types\/product"}],"wp:featuredmedia":[{"embeddable":true,"href":"https:\/\/adhotelskaoprema.com\/en\/wp-json\/wp\/v2\/media\/52676"}],"wp:attachment":[{"href":"https:\/\/adhotelskaoprema.com\/en\/wp-json\/wp\/v2\/media?parent=52675"}],"wp:term":[{"taxonomy":"product_brand","embeddable":true,"href":"https:\/\/adhotelskaoprema.com\/en\/wp-json\/wp\/v2\/product_brand?post=52675"},{"taxonomy":"product_cat","embeddable":true,"href":"https:\/\/adhotelskaoprema.com\/en\/wp-json\/wp\/v2\/product_cat?post=52675"},{"taxonomy":"product_tag","embeddable":true,"href":"https:\/\/adhotelskaoprema.com\/en\/wp-json\/wp\/v2\/product_tag?post=52675"}],"curies":[{"name":"wp","href":"https:\/\/api.w.org\/{rel}","templated":true}]}}