{"id":52668,"date":"2024-03-11T15:40:08","date_gmt":"2024-03-11T14:40:08","guid":{"rendered":"https:\/\/adhotelskaoprema.com\/?post_type=product&#038;p=52668"},"modified":"2024-03-25T12:58:13","modified_gmt":"2024-03-25T11:58:13","slug":"stropna-lampa-aura-bijele-boje-okrugla","status":"publish","type":"product","link":"https:\/\/adhotelskaoprema.com\/en\/proizvod\/stropna-lampa-aura-bijele-boje-okrugla\/","title":{"rendered":"Stropna lampa Aura- Bijele boje okrugla"},"content":{"rendered":"<p><span>Tijelo i difuzor od mat plastike. <\/span><span>Rasvjetno tijelo prikladno za povr\u0161insku ili ugradbenu ugradnju.<\/span><\/p>\n<p><span>Dostupne zavr\u0161ne obrade: bijela ili crna.<\/span><\/p>\n<p>Dinenzija:\u00d8 220 x Visina 18 mm.<\/p>\n<p>Rok isporuke 15 dana.<\/p>\n","protected":false},"excerpt":{"rendered":"<p>Tijelo i difuzor od mat plastike. Rasvjetno tijelo prikladno za povr\u0161insku ili ugradbenu ugradnju. Dostupne zavr\u0161ne obrade: bijela ili crna. Dinenzija:\u00d8 220 x Visina 18 mm. Rok isporuke 15 dana.<\/p>\n","protected":false},"featured_media":52670,"template":"","meta":{"_acf_changed":false},"product_brand":[],"product_cat":[163],"product_tag":[],"class_list":{"0":"post-52668","1":"product","2":"type-product","3":"status-publish","4":"has-post-thumbnail","6":"product_cat-unutarnja-rasvjeta-stropna","8":"first","9":"instock","10":"sale","11":"taxable","12":"shipping-taxable","13":"purchasable","14":"product-type-simple"},"acf":[],"_links":{"self":[{"href":"https:\/\/adhotelskaoprema.com\/en\/wp-json\/wp\/v2\/product\/52668","targetHints":{"allow":["GET"]}}],"collection":[{"href":"https:\/\/adhotelskaoprema.com\/en\/wp-json\/wp\/v2\/product"}],"about":[{"href":"https:\/\/adhotelskaoprema.com\/en\/wp-json\/wp\/v2\/types\/product"}],"wp:featuredmedia":[{"embeddable":true,"href":"https:\/\/adhotelskaoprema.com\/en\/wp-json\/wp\/v2\/media\/52670"}],"wp:attachment":[{"href":"https:\/\/adhotelskaoprema.com\/en\/wp-json\/wp\/v2\/media?parent=52668"}],"wp:term":[{"taxonomy":"product_brand","embeddable":true,"href":"https:\/\/adhotelskaoprema.com\/en\/wp-json\/wp\/v2\/product_brand?post=52668"},{"taxonomy":"product_cat","embeddable":true,"href":"https:\/\/adhotelskaoprema.com\/en\/wp-json\/wp\/v2\/product_cat?post=52668"},{"taxonomy":"product_tag","embeddable":true,"href":"https:\/\/adhotelskaoprema.com\/en\/wp-json\/wp\/v2\/product_tag?post=52668"}],"curies":[{"name":"wp","href":"https:\/\/api.w.org\/{rel}","templated":true}]}}