{"id":52570,"date":"2024-03-11T13:18:21","date_gmt":"2024-03-11T12:18:21","guid":{"rendered":"https:\/\/adhotelskaoprema.com\/?post_type=product&#038;p=52570"},"modified":"2024-03-11T14:05:39","modified_gmt":"2024-03-11T13:05:39","slug":"kilt-za-saunu-muski-320g-bijele-boje-2","status":"publish","type":"product","link":"https:\/\/adhotelskaoprema.com\/en\/proizvod\/kilt-za-saunu-muski-320g-bijele-boje-2\/","title":{"rendered":"Kilt za saunu \u017eenski 320g &#8211; Bijele boje"},"content":{"rendered":"<p><span class=\"Y2IQFc\" lang=\"hr\">Prekrasno mekani kilt za saunu od velura s bar\u0161unastim poliesterom s vanjske strane i \u010distim, upijaju\u0107im pamukom ugodnim za ko\u017eu s unutarnje strane. Prakti\u010dan s d\u017eepom i fleksibilnom prilagodbom veli\u010dine zahvaljuju\u0107i elasti\u010dnoj traci i \u010di\u010dak kop\u010di. Pre\u0111a: izvana 100% mikro-velur, unutra\u0161njost 100% pamuk. Du\u017eina: 80 cm. Tkanina: pletivo, 60% poliester, 40% pamuk. \u0160avovi: overlock rubovi, pritisni \u0161av sa strane. Dodaci: bo\u010dni na\u0161iveni d\u017eep. Pranje: do 95\u00b0C, 203\u00b0F otporno na kuhanje. Certifikati: Standard 100 by Oekotex i MADE-IN-GREEN.<\/span><\/p>\n","protected":false},"excerpt":{"rendered":"<p>Prekrasno mekani kilt za saunu od velura s bar\u0161unastim poliesterom s vanjske strane i \u010distim, upijaju\u0107im pamukom ugodnim za ko\u017eu s unutarnje strane. Prakti\u010dan s d\u017eepom i fleksibilnom prilagodbom veli\u010dine zahvaljuju\u0107i elasti\u010dnoj traci i \u010di\u010dak kop\u010di. Pre\u0111a: izvana 100% mikro-velur, unutra\u0161njost 100% pamuk. Du\u017eina: 80 cm. Tkanina: pletivo, 60% poliester, 40% pamuk. \u0160avovi: overlock rubovi, [&hellip;]<\/p>\n","protected":false},"featured_media":52603,"template":"","meta":{"_acf_changed":false},"product_brand":[],"product_cat":[76,72],"product_tag":[],"class_list":{"0":"post-52570","1":"product","2":"type-product","3":"status-publish","4":"has-post-thumbnail","6":"product_cat-rucnici-i-ogrtaci-za-wellness","7":"product_cat-ogrtaci","9":"first","10":"instock","11":"taxable","12":"shipping-taxable","13":"purchasable","14":"product-type-simple"},"acf":[],"_links":{"self":[{"href":"https:\/\/adhotelskaoprema.com\/en\/wp-json\/wp\/v2\/product\/52570","targetHints":{"allow":["GET"]}}],"collection":[{"href":"https:\/\/adhotelskaoprema.com\/en\/wp-json\/wp\/v2\/product"}],"about":[{"href":"https:\/\/adhotelskaoprema.com\/en\/wp-json\/wp\/v2\/types\/product"}],"wp:featuredmedia":[{"embeddable":true,"href":"https:\/\/adhotelskaoprema.com\/en\/wp-json\/wp\/v2\/media\/52603"}],"wp:attachment":[{"href":"https:\/\/adhotelskaoprema.com\/en\/wp-json\/wp\/v2\/media?parent=52570"}],"wp:term":[{"taxonomy":"product_brand","embeddable":true,"href":"https:\/\/adhotelskaoprema.com\/en\/wp-json\/wp\/v2\/product_brand?post=52570"},{"taxonomy":"product_cat","embeddable":true,"href":"https:\/\/adhotelskaoprema.com\/en\/wp-json\/wp\/v2\/product_cat?post=52570"},{"taxonomy":"product_tag","embeddable":true,"href":"https:\/\/adhotelskaoprema.com\/en\/wp-json\/wp\/v2\/product_tag?post=52570"}],"curies":[{"name":"wp","href":"https:\/\/api.w.org\/{rel}","templated":true}]}}