{"id":52552,"date":"2024-03-11T13:06:18","date_gmt":"2024-03-11T12:06:18","guid":{"rendered":"https:\/\/adhotelskaoprema.com\/?post_type=product&#038;p=52552"},"modified":"2024-03-25T12:58:20","modified_gmt":"2024-03-25T11:58:20","slug":"stropne-lampe-martinez-pl8-zlatne-boje","status":"publish","type":"product","link":"https:\/\/adhotelskaoprema.com\/en\/proizvod\/stropne-lampe-martinez-pl8-zlatne-boje\/","title":{"rendered":"Stropne lampe Martinez pl8- Zlatne boje"},"content":{"rendered":"<p><span>Kromirani ili zlatni metalni okvir.\u00a0<\/span><span>Ukrasni elementi s lan\u010di\u0107ima koji se sastoje od osmerokuta i prozirnih \u0161ipki od bru\u0161enih kristala.<\/span><\/p>\n<p>Dimenzije:Duljina 1030 x Visina 380 x Promjer 305 mm.<\/p>\n<p>Rok isporuke 15 dana.<\/p>\n","protected":false},"excerpt":{"rendered":"<p>Kromirani ili zlatni metalni okvir.\u00a0Ukrasni elementi s lan\u010di\u0107ima koji se sastoje od osmerokuta i prozirnih \u0161ipki od bru\u0161enih kristala. Dimenzije:Duljina 1030 x Visina 380 x Promjer 305 mm. Rok isporuke 15 dana.<\/p>\n","protected":false},"featured_media":52557,"template":"","meta":{"_acf_changed":false},"product_brand":[],"product_cat":[163],"product_tag":[],"class_list":{"0":"post-52552","1":"product","2":"type-product","3":"status-publish","4":"has-post-thumbnail","6":"product_cat-unutarnja-rasvjeta-stropna","8":"first","9":"instock","10":"sale","11":"taxable","12":"shipping-taxable","13":"purchasable","14":"product-type-simple"},"acf":[],"_links":{"self":[{"href":"https:\/\/adhotelskaoprema.com\/en\/wp-json\/wp\/v2\/product\/52552","targetHints":{"allow":["GET"]}}],"collection":[{"href":"https:\/\/adhotelskaoprema.com\/en\/wp-json\/wp\/v2\/product"}],"about":[{"href":"https:\/\/adhotelskaoprema.com\/en\/wp-json\/wp\/v2\/types\/product"}],"wp:featuredmedia":[{"embeddable":true,"href":"https:\/\/adhotelskaoprema.com\/en\/wp-json\/wp\/v2\/media\/52557"}],"wp:attachment":[{"href":"https:\/\/adhotelskaoprema.com\/en\/wp-json\/wp\/v2\/media?parent=52552"}],"wp:term":[{"taxonomy":"product_brand","embeddable":true,"href":"https:\/\/adhotelskaoprema.com\/en\/wp-json\/wp\/v2\/product_brand?post=52552"},{"taxonomy":"product_cat","embeddable":true,"href":"https:\/\/adhotelskaoprema.com\/en\/wp-json\/wp\/v2\/product_cat?post=52552"},{"taxonomy":"product_tag","embeddable":true,"href":"https:\/\/adhotelskaoprema.com\/en\/wp-json\/wp\/v2\/product_tag?post=52552"}],"curies":[{"name":"wp","href":"https:\/\/api.w.org\/{rel}","templated":true}]}}