{"id":52545,"date":"2024-03-11T13:09:36","date_gmt":"2024-03-11T12:09:36","guid":{"rendered":"https:\/\/adhotelskaoprema.com\/?post_type=product&#038;p=52545"},"modified":"2024-03-11T13:16:14","modified_gmt":"2024-03-11T12:16:14","slug":"kilt-za-saunu-muski-320g-bijele-boje","status":"publish","type":"product","link":"https:\/\/adhotelskaoprema.com\/en\/proizvod\/kilt-za-saunu-muski-320g-bijele-boje\/","title":{"rendered":"Kilt za saunu mu\u0161ki 320g &#8211; Bijele boje"},"content":{"rendered":"<pre id=\"tw-target-text\" class=\"tw-data-text tw-text-large tw-ta\" dir=\"ltr\" data-placeholder=\"Prijevod\" data-ved=\"2ahUKEwjY2aWFjeyEAxVpKRAIHcVcA1IQ3ewLegQIDRAU\"><span class=\"Y2IQFc\" lang=\"hr\">Prekrasno mekani kilt za saunu od velura s \r\nbar\u0161unastim poliesterom s vanjske strane i \u010distim, \r\nupijaju\u0107im pamukom ugodnim za ko\u017eu s unutarnje strane. \r\nPrakti\u010dan s d\u017eepom i fleksibilnom prilagodbom veli\u010dine\r\nzahvaljuju\u0107i elasti\u010dnoj traci i \u010di\u010dak kop\u010di.\r\nPre\u0111a: izvana 100% mikro-velur, unutra\u0161njost 100% pamuk.\r\nDu\u017eina: 55 cm.\r\nTkanina: pletivo, 60% poliester, 40% pamuk.\r\n\u0160avovi: overlock rubovi, pritisni \u0161av sa strane.\r\nDodaci: bo\u010dni na\u0161iveni d\u017eep.\r\nPranje: do 95\u00b0C, 203\u00b0F otporno na kuhanje.\r\nCertifikati: Standard 100 by Oekotex i MADE-IN-GREEN.\r\n\r\n\r\n<\/span><\/pre>\n","protected":false},"excerpt":{"rendered":"<p>Prekrasno mekani kilt za saunu od velura s bar\u0161unastim poliesterom s vanjske strane i \u010distim, upijaju\u0107im pamukom ugodnim za ko\u017eu s unutarnje strane. Prakti\u010dan s d\u017eepom i fleksibilnom prilagodbom veli\u010dine zahvaljuju\u0107i elasti\u010dnoj traci i \u010di\u010dak kop\u010di. Pre\u0111a: izvana 100% mikro-velur, unutra\u0161njost 100% pamuk. Du\u017eina: 55 cm. Tkanina: pletivo, 60% poliester, 40% pamuk. \u0160avovi: overlock rubovi, [&hellip;]<\/p>\n","protected":false},"featured_media":52554,"template":"","meta":{"_acf_changed":false},"product_brand":[],"product_cat":[76,72],"product_tag":[],"class_list":{"0":"post-52545","1":"product","2":"type-product","3":"status-publish","4":"has-post-thumbnail","6":"product_cat-rucnici-i-ogrtaci-za-wellness","7":"product_cat-ogrtaci","9":"first","10":"instock","11":"taxable","12":"shipping-taxable","13":"purchasable","14":"product-type-simple"},"acf":[],"_links":{"self":[{"href":"https:\/\/adhotelskaoprema.com\/en\/wp-json\/wp\/v2\/product\/52545","targetHints":{"allow":["GET"]}}],"collection":[{"href":"https:\/\/adhotelskaoprema.com\/en\/wp-json\/wp\/v2\/product"}],"about":[{"href":"https:\/\/adhotelskaoprema.com\/en\/wp-json\/wp\/v2\/types\/product"}],"wp:featuredmedia":[{"embeddable":true,"href":"https:\/\/adhotelskaoprema.com\/en\/wp-json\/wp\/v2\/media\/52554"}],"wp:attachment":[{"href":"https:\/\/adhotelskaoprema.com\/en\/wp-json\/wp\/v2\/media?parent=52545"}],"wp:term":[{"taxonomy":"product_brand","embeddable":true,"href":"https:\/\/adhotelskaoprema.com\/en\/wp-json\/wp\/v2\/product_brand?post=52545"},{"taxonomy":"product_cat","embeddable":true,"href":"https:\/\/adhotelskaoprema.com\/en\/wp-json\/wp\/v2\/product_cat?post=52545"},{"taxonomy":"product_tag","embeddable":true,"href":"https:\/\/adhotelskaoprema.com\/en\/wp-json\/wp\/v2\/product_tag?post=52545"}],"curies":[{"name":"wp","href":"https:\/\/api.w.org\/{rel}","templated":true}]}}