{"id":52353,"date":"2024-03-08T15:09:17","date_gmt":"2024-03-08T14:09:17","guid":{"rendered":"https:\/\/adhotelskaoprema.com\/?post_type=product&#038;p=52353"},"modified":"2024-03-25T12:58:33","modified_gmt":"2024-03-25T11:58:33","slug":"stropna-lampa-oz-crne-boje","status":"publish","type":"product","link":"https:\/\/adhotelskaoprema.com\/en\/proizvod\/stropna-lampa-oz-crne-boje\/","title":{"rendered":"Stropna lampa Oz &#8211; Crne boje"},"content":{"rendered":"<p>Pozla\u0107ena ili pra\u0161kasta metalna baza i okvir. Opal gumeni difuzor. Dostupne zavr\u0161ne obrade: bijeli, crni ili bru\u0161eni mesing. Dostupna je DALI\/Push zatamnjena verzija.<\/p>\n<p>Dimenzija: \u00d8 600 x visina\u00a0 180 mm.<\/p>\n<p>Rok isporuke 15 dana.<\/p>\n","protected":false},"excerpt":{"rendered":"<p>Pozla\u0107ena ili pra\u0161kasta metalna baza i okvir. Opal gumeni difuzor. Dostupne zavr\u0161ne obrade: bijeli, crni ili bru\u0161eni mesing. Dostupna je DALI\/Push zatamnjena verzija. Dimenzija: \u00d8 600 x visina\u00a0 180 mm. Rok isporuke 15 dana.<\/p>\n","protected":false},"featured_media":52351,"template":"","meta":{"_acf_changed":false},"product_brand":[],"product_cat":[163],"product_tag":[],"class_list":{"0":"post-52353","1":"product","2":"type-product","3":"status-publish","4":"has-post-thumbnail","6":"product_cat-unutarnja-rasvjeta-stropna","8":"first","9":"instock","10":"sale","11":"taxable","12":"shipping-taxable","13":"purchasable","14":"product-type-simple"},"acf":[],"_links":{"self":[{"href":"https:\/\/adhotelskaoprema.com\/en\/wp-json\/wp\/v2\/product\/52353","targetHints":{"allow":["GET"]}}],"collection":[{"href":"https:\/\/adhotelskaoprema.com\/en\/wp-json\/wp\/v2\/product"}],"about":[{"href":"https:\/\/adhotelskaoprema.com\/en\/wp-json\/wp\/v2\/types\/product"}],"wp:featuredmedia":[{"embeddable":true,"href":"https:\/\/adhotelskaoprema.com\/en\/wp-json\/wp\/v2\/media\/52351"}],"wp:attachment":[{"href":"https:\/\/adhotelskaoprema.com\/en\/wp-json\/wp\/v2\/media?parent=52353"}],"wp:term":[{"taxonomy":"product_brand","embeddable":true,"href":"https:\/\/adhotelskaoprema.com\/en\/wp-json\/wp\/v2\/product_brand?post=52353"},{"taxonomy":"product_cat","embeddable":true,"href":"https:\/\/adhotelskaoprema.com\/en\/wp-json\/wp\/v2\/product_cat?post=52353"},{"taxonomy":"product_tag","embeddable":true,"href":"https:\/\/adhotelskaoprema.com\/en\/wp-json\/wp\/v2\/product_tag?post=52353"}],"curies":[{"name":"wp","href":"https:\/\/api.w.org\/{rel}","templated":true}]}}