{"id":52319,"date":"2024-03-08T13:39:49","date_gmt":"2024-03-08T12:39:49","guid":{"rendered":"https:\/\/adhotelskaoprema.com\/?post_type=product&#038;p=52319"},"modified":"2024-03-25T12:58:36","modified_gmt":"2024-03-25T11:58:36","slug":"stropna-lampa-o-60-bijele-boje","status":"publish","type":"product","link":"https:\/\/adhotelskaoprema.com\/en\/proizvod\/stropna-lampa-o-60-bijele-boje\/","title":{"rendered":"Stropna lampa Look 60 mm &#8211; Bijele boje"},"content":{"rendered":"<p>Okrenuta aluminijska baza za pri\u010dvr\u0161\u0107ivanje. Bijeli, crni ili satenski mesing u prahu oblo\u017een metalnim cilindri\u010dnim difuzorom.<\/p>\n<p>Dimenzije: \u00d8 60 x visina 950 mm.<\/p>\n<p>Rok isporuke 15 dana.<\/p>\n","protected":false},"excerpt":{"rendered":"<p>Okrenuta aluminijska baza za pri\u010dvr\u0161\u0107ivanje. Bijeli, crni ili satenski mesing u prahu oblo\u017een metalnim cilindri\u010dnim difuzorom. Dimenzije: \u00d8 60 x visina 950 mm. Rok isporuke 15 dana.<\/p>\n","protected":false},"featured_media":52320,"template":"","meta":{"_acf_changed":false},"product_brand":[],"product_cat":[163],"product_tag":[],"class_list":{"0":"post-52319","1":"product","2":"type-product","3":"status-publish","4":"has-post-thumbnail","6":"product_cat-unutarnja-rasvjeta-stropna","8":"first","9":"instock","10":"sale","11":"taxable","12":"shipping-taxable","13":"purchasable","14":"product-type-simple"},"acf":[],"_links":{"self":[{"href":"https:\/\/adhotelskaoprema.com\/en\/wp-json\/wp\/v2\/product\/52319","targetHints":{"allow":["GET"]}}],"collection":[{"href":"https:\/\/adhotelskaoprema.com\/en\/wp-json\/wp\/v2\/product"}],"about":[{"href":"https:\/\/adhotelskaoprema.com\/en\/wp-json\/wp\/v2\/types\/product"}],"wp:featuredmedia":[{"embeddable":true,"href":"https:\/\/adhotelskaoprema.com\/en\/wp-json\/wp\/v2\/media\/52320"}],"wp:attachment":[{"href":"https:\/\/adhotelskaoprema.com\/en\/wp-json\/wp\/v2\/media?parent=52319"}],"wp:term":[{"taxonomy":"product_brand","embeddable":true,"href":"https:\/\/adhotelskaoprema.com\/en\/wp-json\/wp\/v2\/product_brand?post=52319"},{"taxonomy":"product_cat","embeddable":true,"href":"https:\/\/adhotelskaoprema.com\/en\/wp-json\/wp\/v2\/product_cat?post=52319"},{"taxonomy":"product_tag","embeddable":true,"href":"https:\/\/adhotelskaoprema.com\/en\/wp-json\/wp\/v2\/product_tag?post=52319"}],"curies":[{"name":"wp","href":"https:\/\/api.w.org\/{rel}","templated":true}]}}