{"id":52262,"date":"2024-03-06T13:21:25","date_gmt":"2024-03-06T12:21:25","guid":{"rendered":"https:\/\/adhotelskaoprema.com\/?post_type=product&#038;p=52262"},"modified":"2024-03-25T12:53:00","modified_gmt":"2024-03-25T11:53:00","slug":"visilica-bistro-okrugla-prozirna","status":"publish","type":"product","link":"https:\/\/adhotelskaoprema.com\/en\/proizvod\/visilica-bistro-okrugla-prozirna\/","title":{"rendered":"Visilica &#8211; Bistro okrugla &#8211; Prozirna"},"content":{"rendered":"<p>Opis:<\/p>\n<pre id=\"tw-target-text\" class=\"tw-data-text tw-text-large tw-ta\" dir=\"ltr\" data-placeholder=\"Prijevod\" data-ved=\"2ahUKEwjHttLQst-EAxW5JRAIHSUuBEkQ3ewLegQIDRAU\"><span class=\"Y2IQFc\" lang=\"hr\">Metalni okvir oblo\u017een crnim emajlom. Ru\u010dno izra\u0111en difuzor od prozirnog ili zadimljenog puhanog stakla.\r\n\r\nDimenzije: \u00d8 400 x visina min 545 \/ max 2295 mm.\r\n\r\nRok isporuke 15 dana.<\/span><\/pre>\n","protected":false},"excerpt":{"rendered":"<p>Opis: Metalni okvir oblo\u017een crnim emajlom. Ru\u010dno izra\u0111en difuzor od prozirnog ili zadimljenog puhanog stakla. Dimenzije: \u00d8 400 x visina min 545 \/ max 2295 mm. Rok isporuke 15 dana.<\/p>\n","protected":false},"featured_media":52266,"template":"","meta":{"_acf_changed":false},"product_brand":[],"product_cat":[161],"product_tag":[],"class_list":{"0":"post-52262","1":"product","2":"type-product","3":"status-publish","4":"has-post-thumbnail","6":"product_cat-unutarnja-rasvjeta-visilice","8":"first","9":"instock","10":"sale","11":"taxable","12":"shipping-taxable","13":"purchasable","14":"product-type-simple"},"acf":[],"_links":{"self":[{"href":"https:\/\/adhotelskaoprema.com\/en\/wp-json\/wp\/v2\/product\/52262","targetHints":{"allow":["GET"]}}],"collection":[{"href":"https:\/\/adhotelskaoprema.com\/en\/wp-json\/wp\/v2\/product"}],"about":[{"href":"https:\/\/adhotelskaoprema.com\/en\/wp-json\/wp\/v2\/types\/product"}],"wp:featuredmedia":[{"embeddable":true,"href":"https:\/\/adhotelskaoprema.com\/en\/wp-json\/wp\/v2\/media\/52266"}],"wp:attachment":[{"href":"https:\/\/adhotelskaoprema.com\/en\/wp-json\/wp\/v2\/media?parent=52262"}],"wp:term":[{"taxonomy":"product_brand","embeddable":true,"href":"https:\/\/adhotelskaoprema.com\/en\/wp-json\/wp\/v2\/product_brand?post=52262"},{"taxonomy":"product_cat","embeddable":true,"href":"https:\/\/adhotelskaoprema.com\/en\/wp-json\/wp\/v2\/product_cat?post=52262"},{"taxonomy":"product_tag","embeddable":true,"href":"https:\/\/adhotelskaoprema.com\/en\/wp-json\/wp\/v2\/product_tag?post=52262"}],"curies":[{"name":"wp","href":"https:\/\/api.w.org\/{rel}","templated":true}]}}