{"id":52241,"date":"2024-03-06T11:35:59","date_gmt":"2024-03-06T10:35:59","guid":{"rendered":"https:\/\/adhotelskaoprema.com\/?post_type=product&#038;p=52241"},"modified":"2024-03-25T12:53:02","modified_gmt":"2024-03-25T11:53:02","slug":"visilica-caesar-9-zlatne-boje","status":"publish","type":"product","link":"https:\/\/adhotelskaoprema.com\/en\/proizvod\/visilica-caesar-9-zlatne-boje\/","title":{"rendered":"Visilica Caesar 9 &#8211; Zlatne boje"},"content":{"rendered":"<p>Metalni okvir sa zlatnom ili kromiranom zavr\u0161nom obradom. Osmerokutni ukrasni elementi s kristalnim perlama u obliku leda.<br \/>\n\u017darulja uklju\u010dena u cijenu.<\/p>\n<p>Dimenzije: \u00d8 450 x visina min 960 \/ max 1850 mm.<\/p>\n<p>Rok isporuke 15 dana.<\/p>\n","protected":false},"excerpt":{"rendered":"<p>Metalni okvir sa zlatnom ili kromiranom zavr\u0161nom obradom. Osmerokutni ukrasni elementi s kristalnim perlama u obliku leda. \u017darulja uklju\u010dena u cijenu. Dimenzije: \u00d8 450 x visina min 960 \/ max 1850 mm. Rok isporuke 15 dana.<\/p>\n","protected":false},"featured_media":52245,"template":"","meta":{"_acf_changed":false},"product_brand":[],"product_cat":[161],"product_tag":[],"class_list":{"0":"post-52241","1":"product","2":"type-product","3":"status-publish","4":"has-post-thumbnail","6":"product_cat-unutarnja-rasvjeta-visilice","8":"first","9":"instock","10":"sale","11":"taxable","12":"shipping-taxable","13":"purchasable","14":"product-type-simple"},"acf":[],"_links":{"self":[{"href":"https:\/\/adhotelskaoprema.com\/en\/wp-json\/wp\/v2\/product\/52241","targetHints":{"allow":["GET"]}}],"collection":[{"href":"https:\/\/adhotelskaoprema.com\/en\/wp-json\/wp\/v2\/product"}],"about":[{"href":"https:\/\/adhotelskaoprema.com\/en\/wp-json\/wp\/v2\/types\/product"}],"wp:featuredmedia":[{"embeddable":true,"href":"https:\/\/adhotelskaoprema.com\/en\/wp-json\/wp\/v2\/media\/52245"}],"wp:attachment":[{"href":"https:\/\/adhotelskaoprema.com\/en\/wp-json\/wp\/v2\/media?parent=52241"}],"wp:term":[{"taxonomy":"product_brand","embeddable":true,"href":"https:\/\/adhotelskaoprema.com\/en\/wp-json\/wp\/v2\/product_brand?post=52241"},{"taxonomy":"product_cat","embeddable":true,"href":"https:\/\/adhotelskaoprema.com\/en\/wp-json\/wp\/v2\/product_cat?post=52241"},{"taxonomy":"product_tag","embeddable":true,"href":"https:\/\/adhotelskaoprema.com\/en\/wp-json\/wp\/v2\/product_tag?post=52241"}],"curies":[{"name":"wp","href":"https:\/\/api.w.org\/{rel}","templated":true}]}}