{"id":52231,"date":"2024-03-06T11:18:54","date_gmt":"2024-03-06T10:18:54","guid":{"rendered":"https:\/\/adhotelskaoprema.com\/?post_type=product&#038;p=52231"},"modified":"2024-03-25T12:53:03","modified_gmt":"2024-03-25T11:53:03","slug":"visilica-caesar-12-boje-kroma","status":"publish","type":"product","link":"https:\/\/adhotelskaoprema.com\/en\/proizvod\/visilica-caesar-12-boje-kroma\/","title":{"rendered":"Visilica Caesar 12 &#8211; Boje kroma"},"content":{"rendered":"<p>Opis:<\/p>\n<pre id=\"tw-target-text\" class=\"tw-data-text tw-text-large tw-ta\" dir=\"ltr\" data-placeholder=\"Prijevod\" data-ved=\"2ahUKEwjHttLQst-EAxW5JRAIHSUuBEkQ3ewLegQIDRAU\"><span class=\"Y2IQFc\" lang=\"hr\">Metalni okvir sa zlatnom ili kromiranom zavr\u0161nom obradom. Osmerokutni ukrasni elementi s kristalnim perlama u obliku leda.\r\n\u017darulja uklju\u010dena u cijenu.\r\n\r\nDimenzije: \u00d8 550 x visina min 1050 \/ max 2100 mm.\r\n\r\nRok isporuke 15 dana.<\/span><\/pre>\n","protected":false},"excerpt":{"rendered":"<p>Opis: Metalni okvir sa zlatnom ili kromiranom zavr\u0161nom obradom. Osmerokutni ukrasni elementi s kristalnim perlama u obliku leda. \u017darulja uklju\u010dena u cijenu. Dimenzije: \u00d8 550 x visina min 1050 \/ max 2100 mm. Rok isporuke 15 dana.<\/p>\n","protected":false},"featured_media":52230,"template":"","meta":{"_acf_changed":false},"product_brand":[],"product_cat":[161],"product_tag":[],"class_list":{"0":"post-52231","1":"product","2":"type-product","3":"status-publish","4":"has-post-thumbnail","6":"product_cat-unutarnja-rasvjeta-visilice","8":"first","9":"instock","10":"sale","11":"taxable","12":"shipping-taxable","13":"purchasable","14":"product-type-simple"},"acf":[],"_links":{"self":[{"href":"https:\/\/adhotelskaoprema.com\/en\/wp-json\/wp\/v2\/product\/52231","targetHints":{"allow":["GET"]}}],"collection":[{"href":"https:\/\/adhotelskaoprema.com\/en\/wp-json\/wp\/v2\/product"}],"about":[{"href":"https:\/\/adhotelskaoprema.com\/en\/wp-json\/wp\/v2\/types\/product"}],"wp:featuredmedia":[{"embeddable":true,"href":"https:\/\/adhotelskaoprema.com\/en\/wp-json\/wp\/v2\/media\/52230"}],"wp:attachment":[{"href":"https:\/\/adhotelskaoprema.com\/en\/wp-json\/wp\/v2\/media?parent=52231"}],"wp:term":[{"taxonomy":"product_brand","embeddable":true,"href":"https:\/\/adhotelskaoprema.com\/en\/wp-json\/wp\/v2\/product_brand?post=52231"},{"taxonomy":"product_cat","embeddable":true,"href":"https:\/\/adhotelskaoprema.com\/en\/wp-json\/wp\/v2\/product_cat?post=52231"},{"taxonomy":"product_tag","embeddable":true,"href":"https:\/\/adhotelskaoprema.com\/en\/wp-json\/wp\/v2\/product_tag?post=52231"}],"curies":[{"name":"wp","href":"https:\/\/api.w.org\/{rel}","templated":true}]}}